{"id":236,"date":"2025-03-19T12:18:53","date_gmt":"2025-03-19T12:18:53","guid":{"rendered":"https:\/\/www.silverminers.de\/cms\/?page_id=236"},"modified":"2025-04-23T07:38:22","modified_gmt":"2025-04-23T07:38:22","slug":"unser-club","status":"publish","type":"page","link":"https:\/\/www.silverminers.de\/index.php\/unser-club\/","title":{"rendered":"Unser Club"},"content":{"rendered":"\n<p>Im Januar 1998 begannen ca. 20 Leute unter der Leitung des Callers Michael Curschmann in Freiberg <a href=\"https:\/\/www.silverminers.de\/index.php\/square-dance\/\" data-type=\"page\" data-id=\"2\">Square Dance<\/a> zu tanzen.<br>Im April 1999 gr\u00fcndeten die nun schon \u00fcber 30 Mitglieder den Verein Silver Miners SDC Freiberg e.V. Mittlerweile sind es nach vielen erfolgreichen Graduationen (Pr\u00fcfungen) 61 Clubt\u00e4nzer.<br>2023 haben wir die letzte Class (so nennt man den Anf\u00e4ngerkurs zum Erlernen von Square Dance) graduiert. Diese T\u00e4nzer haben nun Square Dance gelernt und k\u00f6nnen nach erfolgreicher Graduation in alle Welt fahren, in den vielen anderen Clubs Square Dance tanzen und nette Menschen kennenlernen.<\/p>\n\n\n\n<p>Unser Club hat das gro\u00dfe Privileg, 3 Clubcaller zum Tanzen zu haben. Christian Schreiter ist schon viele Jahre bei uns, Kerstin Titze und Anja Titze haben sich nun auch zu tollen Callern entwickelt und bereichern unser Clubleben.<\/p>\n\n\n\n<p>Seit 2002 gibt es auch eine kleine Gruppe Plust\u00e4nzer unter uns, die jetzt jeden 1. Mittwoch im Monat von 19.30 &#8211; 21.45 Uhr in der Turnhalle des beruflichen Schulzentrums Bergstiftsgasse mit vielen G\u00e4sten tanzen.<br><\/p>\n\n\n\n<p>Wir tanzen jeden Donnerstag in der Turnhalle der Mittelschule &#8222;Clemens Winkler&#8220; in Freiberg, ab 19.30 Uhr bis 22.00 Uhr.<\/p>\n\n\n\n<p>\u00dcber Besucher freuen wir uns jederzeit. N\u00e4here Informationen erhaltet Ihr:<\/p>\n\n\n\n<ul class=\"wp-block-list\">\n<li>bei unserem Club-Caller Christian Schreiter&nbsp;&nbsp;&nbsp;&nbsp;&nbsp;&nbsp;&nbsp;&nbsp;&nbsp;&nbsp;&nbsp;&nbsp;&nbsp;&nbsp;&nbsp; <a href=\"mailto:schreiter@silverminers.de\">E-Mail<\/a><\/li>\n\n\n\n<li>bei unserer Clubcallerin Kerstin Titze&nbsp;&nbsp;&nbsp;&nbsp;&nbsp;&nbsp;&nbsp;&nbsp;&nbsp;&nbsp;&nbsp;&nbsp;&nbsp;&nbsp;&nbsp;&nbsp;&nbsp;&nbsp;&nbsp;&nbsp;&nbsp;&nbsp;&nbsp;&nbsp;&nbsp; <a href=\"mailto:titze@silverminers.de\">E-Mail<\/a><\/li>\n\n\n\n<li>bei unserer Clubcallerin Anja Titze&nbsp;&nbsp;&nbsp;&nbsp;&nbsp;&nbsp;&nbsp;&nbsp;&nbsp;&nbsp;&nbsp;&nbsp;&nbsp;&nbsp;&nbsp;&nbsp;&nbsp;&nbsp;&nbsp;&nbsp;&nbsp;&nbsp;&nbsp;&nbsp;&nbsp;&nbsp;&nbsp;&nbsp; <a href=\"mailto:anja.titze@silverminers.de\">E-Mail<\/a><\/li>\n\n\n\n<li>oder bei unserem Club &#8211; Pr\u00e4sidenten Andr\u00e9 Steglich&nbsp;&nbsp;&nbsp; <a href=\"mailto:president@silverminers.de\">E-Mail<\/a><\/li>\n<\/ul>\n\n\n\n<figure class=\"wp-block-image size-large\"><img loading=\"lazy\" decoding=\"async\" width=\"1024\" height=\"683\" src=\"https:\/\/www.silverminers.de\/cms\/wp-content\/uploads\/2025\/04\/SAM_6432-1024x683.jpg\" alt=\"\" class=\"wp-image-425\" srcset=\"https:\/\/www.silverminers.de\/wp-content\/uploads\/2025\/04\/SAM_6432-1024x683.jpg 1024w, https:\/\/www.silverminers.de\/wp-content\/uploads\/2025\/04\/SAM_6432-300x200.jpg 300w, https:\/\/www.silverminers.de\/wp-content\/uploads\/2025\/04\/SAM_6432-768x512.jpg 768w, https:\/\/www.silverminers.de\/wp-content\/uploads\/2025\/04\/SAM_6432-1536x1024.jpg 1536w, https:\/\/www.silverminers.de\/wp-content\/uploads\/2025\/04\/SAM_6432-2048x1365.jpg 2048w, https:\/\/www.silverminers.de\/wp-content\/uploads\/2025\/04\/SAM_6432-1620x1080.jpg 1620w\" sizes=\"(max-width: 1024px) 100vw, 1024px\" \/><figcaption class=\"wp-element-caption\">2017<\/figcaption><\/figure>\n\n\n\n<p><\/p>\n\n\n\n<p><\/p>\n","protected":false},"excerpt":{"rendered":"<p>Im Januar 1998 begannen ca. 20 Leute unter der Leitung des Callers Michael Curschmann in Freiberg Square Dance zu tanzen.Im April 1999 gr\u00fcndeten die nun schon \u00fcber 30 Mitglieder den Verein Silver Miners SDC Freiberg e.V. Mittlerweile sind es nach vielen erfolgreichen Graduationen (Pr\u00fcfungen) 61 Clubt\u00e4nzer.2023 haben wir die letzte Class (so nennt man den [&hellip;]<\/p>\n","protected":false},"author":1,"featured_media":0,"parent":0,"menu_order":0,"comment_status":"closed","ping_status":"closed","template":"","meta":{"saved_in_kubio":false,"footnotes":""},"class_list":["post-236","page","type-page","status-publish","hentry"],"kubio_ai_page_context":{"short_desc":"","purpose":"general"},"_links":{"self":[{"href":"https:\/\/www.silverminers.de\/index.php\/wp-json\/wp\/v2\/pages\/236","targetHints":{"allow":["GET"]}}],"collection":[{"href":"https:\/\/www.silverminers.de\/index.php\/wp-json\/wp\/v2\/pages"}],"about":[{"href":"https:\/\/www.silverminers.de\/index.php\/wp-json\/wp\/v2\/types\/page"}],"author":[{"embeddable":true,"href":"https:\/\/www.silverminers.de\/index.php\/wp-json\/wp\/v2\/users\/1"}],"replies":[{"embeddable":true,"href":"https:\/\/www.silverminers.de\/index.php\/wp-json\/wp\/v2\/comments?post=236"}],"version-history":[{"count":14,"href":"https:\/\/www.silverminers.de\/index.php\/wp-json\/wp\/v2\/pages\/236\/revisions"}],"predecessor-version":[{"id":501,"href":"https:\/\/www.silverminers.de\/index.php\/wp-json\/wp\/v2\/pages\/236\/revisions\/501"}],"wp:attachment":[{"href":"https:\/\/www.silverminers.de\/index.php\/wp-json\/wp\/v2\/media?parent=236"}],"curies":[{"name":"wp","href":"https:\/\/api.w.org\/{rel}","templated":true}]}}