{"id":302,"date":"2025-03-20T10:52:49","date_gmt":"2025-03-20T10:52:49","guid":{"rendered":"https:\/\/www.silverminers.de\/cms\/?page_id=302"},"modified":"2025-04-23T07:42:04","modified_gmt":"2025-04-23T07:42:04","slug":"auftritt-2","status":"publish","type":"page","link":"https:\/\/www.silverminers.de\/index.php\/auftritt-2\/","title":{"rendered":"Auftritt"},"content":{"rendered":"\n<p class=\"has-medium-font-size\">Wir bieten Vorf\u00fchrungen zu Veranstaltungen aller Art \u2013 drau\u00dfen wie drinnen.<\/p>\n\n\n\n<p>Mit unserer traditionellen Tanzkleidung mit den bunten Petticoats und Kleidern der Damen und den Hemden der Herren und sch\u00f6ner Musik sind wir ein bunter Farbtupfer f\u00fcr Ihre Veranstaltung.<\/p>\n\n\n\n<p>Wir tanzen f\u00fcr Sie ca. eine halbe bis dreiviertel Stunde.<\/p>\n\n\n\n<p>Weitere Einzelheiten bitten wir Sie per E-Mail oder Telefon von unserem Coordinator Kristin Stiehl zu erfragen oder besuchen Sie uns gleich auf unseren Clubabenden.<\/p>\n\n\n\n<p><strong>Coordinator (f\u00fcr Auftritte):<\/strong><br>Kristin Stiehl, Handy&nbsp;01733693552 <a href=\"mailto:coordinator@silverminers.de\"><\/a><\/p>\n\n\n\n<p><a href=\"https:\/\/www.silverminers.de\/wp-content\/uploads\/2025\/03\/VertragSilverMinersTanzauftritt.pdf\" data-type=\"attachment\" data-id=\"303\" target=\"_blank\" rel=\"noreferrer noopener\">Auftrittsvertrag pdf<\/a><\/p>\n\n\n\n\n\n<p>Auftritt Fest Wohnungsgenossenschaft 2023<\/p>\n\n\n\n\n\n<p>Auftritt Bergstadtfest 2023<\/p>\n","protected":false},"excerpt":{"rendered":"<p>Wir bieten Vorf\u00fchrungen zu Veranstaltungen aller Art \u2013 drau\u00dfen wie drinnen. Mit unserer traditionellen Tanzkleidung mit den bunten Petticoats und Kleidern der Damen und den Hemden der Herren und sch\u00f6ner Musik sind wir ein bunter Farbtupfer f\u00fcr Ihre Veranstaltung. Wir tanzen f\u00fcr Sie ca. eine halbe bis dreiviertel Stunde. Weitere Einzelheiten bitten wir Sie per [&hellip;]<\/p>\n","protected":false},"author":1,"featured_media":0,"parent":0,"menu_order":0,"comment_status":"closed","ping_status":"closed","template":"","meta":{"saved_in_kubio":true,"footnotes":""},"class_list":["post-302","page","type-page","status-publish","hentry"],"kubio_ai_page_context":{"short_desc":"","purpose":"general"},"_links":{"self":[{"href":"https:\/\/www.silverminers.de\/index.php\/wp-json\/wp\/v2\/pages\/302","targetHints":{"allow":["GET"]}}],"collection":[{"href":"https:\/\/www.silverminers.de\/index.php\/wp-json\/wp\/v2\/pages"}],"about":[{"href":"https:\/\/www.silverminers.de\/index.php\/wp-json\/wp\/v2\/types\/page"}],"author":[{"embeddable":true,"href":"https:\/\/www.silverminers.de\/index.php\/wp-json\/wp\/v2\/users\/1"}],"replies":[{"embeddable":true,"href":"https:\/\/www.silverminers.de\/index.php\/wp-json\/wp\/v2\/comments?post=302"}],"version-history":[{"count":10,"href":"https:\/\/www.silverminers.de\/index.php\/wp-json\/wp\/v2\/pages\/302\/revisions"}],"predecessor-version":[{"id":503,"href":"https:\/\/www.silverminers.de\/index.php\/wp-json\/wp\/v2\/pages\/302\/revisions\/503"}],"wp:attachment":[{"href":"https:\/\/www.silverminers.de\/index.php\/wp-json\/wp\/v2\/media?parent=302"}],"curies":[{"name":"wp","href":"https:\/\/api.w.org\/{rel}","templated":true}]}}