{"id":310,"date":"2025-03-20T11:03:43","date_gmt":"2025-03-20T11:03:43","guid":{"rendered":"https:\/\/www.silverminers.de\/cms\/?page_id=310"},"modified":"2025-04-25T07:35:30","modified_gmt":"2025-04-25T07:35:30","slug":"tanzort","status":"publish","type":"page","link":"https:\/\/www.silverminers.de\/index.php\/tanzort\/","title":{"rendered":"Tanzort"},"content":{"rendered":"\n<h2 class=\"wp-block-heading\">Wo findet ihr uns?<\/h2>\n\n\n\n<p>In Freiberg auf der 173 in Richtung Chemnitz bis zum Kinopolis, an der Kreuzung in die Karl-Kegel-Stra\u00dfe.<br>Auch auf der B 101 kommt man zur Ampelkreuzung, wo es in die Karl-Kegel-Str. geht.<br>Aus Richtung Chemnitz ist gleich am Ortseingang das Kinopolis. Von da geht es auf den Franz-K\u00f6gler-Ring. Parken kann man auf der Karl-Kegel-Stra\u00dfe oder auf dem kleinen Parkplatz an der Schule. Der Franz-K\u00f6gler-Ring selber hat \u00fcberall Parkverbotszonen, also seid vorsichtig.<br>Wir tanzen jeden Donnerstag ab 19.30 Uhr in der Turnhalle der Mittelschule &#8222;Clemens Winkler&#8220;, Franz-K\u00f6gler-Ring 84 (<a href=\"https:\/\/www.google.com\/maps\/place\/Oberschule+Clemens+Winkler\/@50.9028942,13.3217652,17z\/data=!3m1!4b1!4m5!3m4!1s0x47a75fedbea541cb:0x89ba06ceb0d8f4c6!8m2!3d50.9028908!4d13.3239592?hl=de\" target=\"_blank\" rel=\"noreferrer noopener\">Link zu Google<\/a>). Die Turnhalle steht direkt an der Stra\u00dfe. Zum Eingang muss man rechts herum hinter die Turnhalle laufen.<\/p>\n\n\n\n\n\n\n\n<p><\/p>\n","protected":false},"excerpt":{"rendered":"<p>Wo findet ihr uns? In Freiberg auf der 173 in Richtung Chemnitz bis zum Kinopolis, an der Kreuzung in die Karl-Kegel-Stra\u00dfe.Auch auf der B 101 kommt man zur Ampelkreuzung, wo es in die Karl-Kegel-Str. geht.Aus Richtung Chemnitz ist gleich am Ortseingang das Kinopolis. Von da geht es auf den Franz-K\u00f6gler-Ring. Parken kann man auf der [&hellip;]<\/p>\n","protected":false},"author":1,"featured_media":0,"parent":0,"menu_order":0,"comment_status":"closed","ping_status":"closed","template":"","meta":{"saved_in_kubio":true,"footnotes":""},"class_list":["post-310","page","type-page","status-publish","hentry"],"kubio_ai_page_context":{"short_desc":"","purpose":"general"},"_links":{"self":[{"href":"https:\/\/www.silverminers.de\/index.php\/wp-json\/wp\/v2\/pages\/310","targetHints":{"allow":["GET"]}}],"collection":[{"href":"https:\/\/www.silverminers.de\/index.php\/wp-json\/wp\/v2\/pages"}],"about":[{"href":"https:\/\/www.silverminers.de\/index.php\/wp-json\/wp\/v2\/types\/page"}],"author":[{"embeddable":true,"href":"https:\/\/www.silverminers.de\/index.php\/wp-json\/wp\/v2\/users\/1"}],"replies":[{"embeddable":true,"href":"https:\/\/www.silverminers.de\/index.php\/wp-json\/wp\/v2\/comments?post=310"}],"version-history":[{"count":9,"href":"https:\/\/www.silverminers.de\/index.php\/wp-json\/wp\/v2\/pages\/310\/revisions"}],"predecessor-version":[{"id":515,"href":"https:\/\/www.silverminers.de\/index.php\/wp-json\/wp\/v2\/pages\/310\/revisions\/515"}],"wp:attachment":[{"href":"https:\/\/www.silverminers.de\/index.php\/wp-json\/wp\/v2\/media?parent=310"}],"curies":[{"name":"wp","href":"https:\/\/api.w.org\/{rel}","templated":true}]}}